{"id":30397,"date":"2025-12-19T14:34:49","date_gmt":"2025-12-19T14:34:49","guid":{"rendered":"https:\/\/comelf.201.ro\/?page_id=30397"},"modified":"2025-12-30T10:17:36","modified_gmt":"2025-12-30T10:17:36","slug":"galerie-foto-proiect-mecanismul-financiar-see-2014-2021","status":"publish","type":"page","link":"https:\/\/comelf.201.ro\/en\/galerie-foto-proiect-mecanismul-financiar-see-2014-2021\/","title":{"rendered":"Galerie foto proiect Mecanismul Financiar SEE 2014 &#8211; 2021"},"content":{"rendered":"<div data-elementor-type=\"wp-page\" data-elementor-id=\"30397\" class=\"elementor elementor-30397\">\n\t\t\t\t<div class=\"wd-negative-gap elementor-element elementor-element-7db87f4 wd-section-stretch e-flex e-con-boxed e-con e-parent\" data-id=\"7db87f4\" data-element_type=\"container\" data-settings=\"{&quot;background_background&quot;:&quot;classic&quot;,&quot;shape_divider_bottom&quot;:&quot;opacity-tilt&quot;}\">\n\t\t\t\t\t<div class=\"e-con-inner\">\n\t\t\t\t<div class=\"elementor-shape elementor-shape-bottom\" aria-hidden=\"true\" data-negative=\"false\">\n\t\t\t<svg xmlns=\"http:\/\/www.w3.org\/2000\/svg\" viewbox=\"0 0 2600 131.1\" preserveaspectratio=\"none\">\n\t<path class=\"elementor-shape-fill\" d=\"M0 0L2600 0 2600 69.1 0 0z\"\/>\n\t<path class=\"elementor-shape-fill\" style=\"opacity:0.5\" d=\"M0 0L2600 0 2600 69.1 0 69.1z\"\/>\n\t<path class=\"elementor-shape-fill\" style=\"opacity:0.25\" d=\"M2600 0L0 0 0 130.1 2600 69.1z\"\/>\n<\/svg>\t\t<\/div>\n\t\t\t\t<div class=\"elementor-element elementor-element-02f160e wd-width-100 elementor-widget elementor-widget-wd_title\" data-id=\"02f160e\" data-element_type=\"widget\" data-widget_type=\"wd_title.default\">\n\t\t\t\t<div class=\"elementor-widget-container\">\n\t\t\t\t\t\t\t<div class=\"title-wrapper wd-set-mb reset-last-child wd-title-color-default wd-title-style-default wd-title-size-default text-left\">\n\n\t\t\t\n\t\t\t<div class=\"liner-continer\">\n\t\t\t\t<h1 class=\"woodmart-title-container title wd-fontsize-l\">Photo gallery of the project funded through the EEA Financial Mechanism 2014\u20132021 <\/h1> \n\t\t\t\t\t\t\t<\/div>\n\n\t\t\t\t\t<\/div>\n\t\t\t\t\t\t<\/div>\n\t\t\t\t<\/div>\n\t\t\t\t\t<\/div>\n\t\t\t\t<\/div>\n\t\t<div class=\"wd-negative-gap elementor-element elementor-element-3e8b5d7 e-flex e-con-boxed e-con e-parent\" data-id=\"3e8b5d7\" data-element_type=\"container\">\n\t\t\t\t\t<div class=\"e-con-inner\">\n\t\t\t\t<div class=\"elementor-element elementor-element-c0862d6 elementor-widget elementor-widget-image\" data-id=\"c0862d6\" data-element_type=\"widget\" data-widget_type=\"image.default\">\n\t\t\t\t\t\t\t\t\t\t\t\t\t\t\t<img loading=\"lazy\" decoding=\"async\" width=\"662\" height=\"74\" src=\"https:\/\/comelf.201.ro\/wp-content\/uploads\/2025\/12\/2089.jpeg\" class=\"attachment-full size-full wp-image-30373\" alt=\"\" srcset=\"https:\/\/comelf.201.ro\/wp-content\/uploads\/2025\/12\/2089.jpeg 662w, https:\/\/comelf.201.ro\/wp-content\/uploads\/2025\/12\/2089-400x45.jpeg 400w, https:\/\/comelf.201.ro\/wp-content\/uploads\/2025\/12\/2089-18x2.jpeg 18w\" sizes=\"auto, (max-width: 662px) 100vw, 662px\" \/>\t\t\t\t\t\t\t\t\t\t\t\t\t\t\t<\/div>\n\t\t\t\t\t<\/div>\n\t\t\t\t<\/div>\n\t\t<div class=\"wd-negative-gap elementor-element elementor-element-ec01129 wd-section-stretch e-flex e-con-boxed e-con e-parent\" data-id=\"ec01129\" data-element_type=\"container\" data-settings=\"{&quot;shape_divider_bottom&quot;:&quot;opacity-tilt&quot;}\">\n\t\t\t\t\t<div class=\"e-con-inner\">\n\t\t\t\t<div class=\"elementor-shape elementor-shape-bottom\" aria-hidden=\"true\" data-negative=\"false\">\n\t\t\t<svg xmlns=\"http:\/\/www.w3.org\/2000\/svg\" viewbox=\"0 0 2600 131.1\" preserveaspectratio=\"none\">\n\t<path class=\"elementor-shape-fill\" d=\"M0 0L2600 0 2600 69.1 0 0z\"\/>\n\t<path class=\"elementor-shape-fill\" style=\"opacity:0.5\" d=\"M0 0L2600 0 2600 69.1 0 69.1z\"\/>\n\t<path class=\"elementor-shape-fill\" style=\"opacity:0.25\" d=\"M2600 0L0 0 0 130.1 2600 69.1z\"\/>\n<\/svg>\t\t<\/div>\n\t\t<div class=\"elementor-element elementor-element-3319c7b e-con-full e-flex e-con e-child\" data-id=\"3319c7b\" data-element_type=\"container\">\n\t\t<div class=\"elementor-element elementor-element-66cde17 e-con-full e-flex e-con e-child\" data-id=\"66cde17\" data-element_type=\"container\" data-settings=\"{&quot;background_background&quot;:&quot;classic&quot;}\">\n\t\t\t\t<div class=\"elementor-element elementor-element-c987828 elementor-widget elementor-widget-heading\" data-id=\"c987828\" data-element_type=\"widget\" data-widget_type=\"heading.default\">\n\t\t\t\t\t<h3 class=\"elementor-heading-title elementor-size-default\">Proiect sus\u021binut din fonduri acordate prin Mecanismul Financiar SEE 2014 - 2021 \u00een cadrul programului \u201eProgram pentru energie \u00een Rom\u00e2nia - Apel 3: Capacitate crescut\u0103 pentru furnizarea energiei regenerabile - Alte surse de energie regenerabil\u0103 (SRE)\u201d,<\/h3>\t\t\t\t<\/div>\n\t\t\t\t<div class=\"elementor-element elementor-element-de98dd8 elementor-widget elementor-widget-heading\" data-id=\"de98dd8\" data-element_type=\"widget\" data-widget_type=\"heading.default\">\n\t\t\t\t\t<h3 class=\"elementor-heading-title elementor-size-default\">Arie de interes \u201eEnergie regenerabil\u0103\u201d<\/h3>\t\t\t\t<\/div>\n\t\t\t\t<\/div>\n\t\t\t\t<div class=\"elementor-element elementor-element-6ba1c7f elementor-widget elementor-widget-video\" data-id=\"6ba1c7f\" data-element_type=\"widget\" data-settings=\"{&quot;youtube_url&quot;:&quot;https:\\\/\\\/www.youtube.com\\\/watch?v=9T5v8GNjvRs&quot;,&quot;video_type&quot;:&quot;youtube&quot;,&quot;controls&quot;:&quot;yes&quot;}\" data-widget_type=\"video.default\">\n\t\t\t\t\t\t\t<div class=\"elementor-wrapper elementor-open-inline\">\n\t\t\t<div class=\"elementor-video\"><\/div>\t\t<\/div>\n\t\t\t\t\t\t<\/div>\n\t\t<div class=\"elementor-element elementor-element-5adcbee e-con-full e-flex e-con e-child\" data-id=\"5adcbee\" data-element_type=\"container\" data-settings=\"{&quot;background_background&quot;:&quot;classic&quot;}\">\n\t\t\t\t<div class=\"elementor-element elementor-element-3bc39fc wd-width-100 elementor-widget elementor-widget-wd_images_gallery\" data-id=\"3bc39fc\" data-element_type=\"widget\" data-widget_type=\"wd_images_gallery.default\">\n\t\t\t\t<div class=\"elementor-widget-container\">\n\t\t\t\t\t\t\t<div class=\"wd-images-gallery photoswipe-images\" style=\"--wd-align-items:center; --wd-justify-content:center;\">\n\t\t\t\t\t\t<div class=\"wd-grid-g\" style=\"--wd-col-lg:5;--wd-col-md:4;--wd-col-sm:2;--wd-gap-lg:2px;\" >\n\t\t\t\t\t\t\t\t\t\t\t\t\t\t\t\t\t\t<div class=\"wd-gallery-item wd-col\">\n\t\t\t\t\t\t\t\t\t\t\t\t\t<a  href=\"https:\/\/comelf.201.ro\/wp-content\/uploads\/2025\/12\/2153.jpg\" data-width=\"700\" data-height=\"525\" data-index=\"1\" data-elementor-open-lightbox=\"no\">\n\t\t\t\t\t\t\n\t\t\t\t\t\t<img loading=\"lazy\" decoding=\"async\" width=\"700\" height=\"525\" src=\"https:\/\/comelf.201.ro\/wp-content\/uploads\/2025\/12\/2153.jpg\" class=\"attachment-large size-large\" alt=\"2153\" srcset=\"https:\/\/comelf.201.ro\/wp-content\/uploads\/2025\/12\/2153.jpg 700w, https:\/\/comelf.201.ro\/wp-content\/uploads\/2025\/12\/2153-400x300.jpg 400w, https:\/\/comelf.201.ro\/wp-content\/uploads\/2025\/12\/2153-16x12.jpg 16w\" sizes=\"auto, (max-width: 700px) 100vw, 700px\" \/>\n\t\t\t\t\t\t\t\t\t\t\t\t\t<\/a>\n\t\t\t\t\t\t\t\t\t\t\t<\/div>\n\t\t\t\t\t\t\t\t\t\t\t\t\t\t\t<div class=\"wd-gallery-item wd-col\">\n\t\t\t\t\t\t\t\t\t\t\t\t\t<a  href=\"https:\/\/comelf.201.ro\/wp-content\/uploads\/2025\/12\/2154.jpg\" data-width=\"700\" data-height=\"525\" data-index=\"2\" data-elementor-open-lightbox=\"no\">\n\t\t\t\t\t\t\n\t\t\t\t\t\t<img loading=\"lazy\" decoding=\"async\" width=\"700\" height=\"525\" src=\"https:\/\/comelf.201.ro\/wp-content\/uploads\/2025\/12\/2154.jpg\" class=\"attachment-large size-large\" alt=\"2154\" srcset=\"https:\/\/comelf.201.ro\/wp-content\/uploads\/2025\/12\/2154.jpg 700w, https:\/\/comelf.201.ro\/wp-content\/uploads\/2025\/12\/2154-400x300.jpg 400w, https:\/\/comelf.201.ro\/wp-content\/uploads\/2025\/12\/2154-16x12.jpg 16w\" sizes=\"auto, (max-width: 700px) 100vw, 700px\" \/>\n\t\t\t\t\t\t\t\t\t\t\t\t\t<\/a>\n\t\t\t\t\t\t\t\t\t\t\t<\/div>\n\t\t\t\t\t\t\t\t\t\t\t\t\t\t\t<div class=\"wd-gallery-item wd-col\">\n\t\t\t\t\t\t\t\t\t\t\t\t\t<a  href=\"https:\/\/comelf.201.ro\/wp-content\/uploads\/2025\/12\/2155.jpg\" data-width=\"700\" data-height=\"525\" data-index=\"3\" data-elementor-open-lightbox=\"no\">\n\t\t\t\t\t\t\n\t\t\t\t\t\t<img loading=\"lazy\" decoding=\"async\" width=\"700\" height=\"525\" src=\"https:\/\/comelf.201.ro\/wp-content\/uploads\/2025\/12\/2155.jpg\" class=\"attachment-large size-large\" alt=\"2155\" srcset=\"https:\/\/comelf.201.ro\/wp-content\/uploads\/2025\/12\/2155.jpg 700w, https:\/\/comelf.201.ro\/wp-content\/uploads\/2025\/12\/2155-400x300.jpg 400w, https:\/\/comelf.201.ro\/wp-content\/uploads\/2025\/12\/2155-16x12.jpg 16w\" sizes=\"auto, (max-width: 700px) 100vw, 700px\" \/>\n\t\t\t\t\t\t\t\t\t\t\t\t\t<\/a>\n\t\t\t\t\t\t\t\t\t\t\t<\/div>\n\t\t\t\t\t\t\t\t\t\t\t\t\t\t\t<div class=\"wd-gallery-item wd-col\">\n\t\t\t\t\t\t\t\t\t\t\t\t\t<a  href=\"https:\/\/comelf.201.ro\/wp-content\/uploads\/2025\/12\/2156.jpg\" data-width=\"700\" data-height=\"525\" data-index=\"4\" data-elementor-open-lightbox=\"no\">\n\t\t\t\t\t\t\n\t\t\t\t\t\t<img loading=\"lazy\" decoding=\"async\" width=\"700\" height=\"525\" src=\"https:\/\/comelf.201.ro\/wp-content\/uploads\/2025\/12\/2156.jpg\" class=\"attachment-large size-large\" alt=\"2156\" srcset=\"https:\/\/comelf.201.ro\/wp-content\/uploads\/2025\/12\/2156.jpg 700w, https:\/\/comelf.201.ro\/wp-content\/uploads\/2025\/12\/2156-400x300.jpg 400w, https:\/\/comelf.201.ro\/wp-content\/uploads\/2025\/12\/2156-16x12.jpg 16w\" sizes=\"auto, (max-width: 700px) 100vw, 700px\" \/>\n\t\t\t\t\t\t\t\t\t\t\t\t\t<\/a>\n\t\t\t\t\t\t\t\t\t\t\t<\/div>\n\t\t\t\t\t\t\t\t\t\t\t\t\t\t\t<div class=\"wd-gallery-item wd-col\">\n\t\t\t\t\t\t\t\t\t\t\t\t\t<a  href=\"https:\/\/comelf.201.ro\/wp-content\/uploads\/2025\/12\/2157.jpg\" data-width=\"700\" data-height=\"366\" data-index=\"5\" data-elementor-open-lightbox=\"no\">\n\t\t\t\t\t\t\n\t\t\t\t\t\t<img loading=\"lazy\" decoding=\"async\" width=\"700\" height=\"366\" src=\"https:\/\/comelf.201.ro\/wp-content\/uploads\/2025\/12\/2157.jpg\" class=\"attachment-large size-large\" alt=\"2157\" srcset=\"https:\/\/comelf.201.ro\/wp-content\/uploads\/2025\/12\/2157.jpg 700w, https:\/\/comelf.201.ro\/wp-content\/uploads\/2025\/12\/2157-400x209.jpg 400w, https:\/\/comelf.201.ro\/wp-content\/uploads\/2025\/12\/2157-18x9.jpg 18w\" sizes=\"auto, (max-width: 700px) 100vw, 700px\" \/>\n\t\t\t\t\t\t\t\t\t\t\t\t\t<\/a>\n\t\t\t\t\t\t\t\t\t\t\t<\/div>\n\t\t\t\t\t\t\t\t\t\t\t\t\t<\/div>\n\t\t\t\t\t<\/div>\n\t\t\t\t\t\t<\/div>\n\t\t\t\t<\/div>\n\t\t\t\t<\/div>\n\t\t\t\t<\/div>\n\t\t\t\t\t<\/div>\n\t\t\t\t<\/div>\n\t\t\t\t<\/div>","protected":false},"excerpt":{"rendered":"<p>Galerie foto proiect acordat prin Mecanismul Financiar SEE 2014 &#8211; 2021 Proiect sus\u021binut din fonduri acordate prin Mecanismul Financiar SEE<\/p>","protected":false},"author":1,"featured_media":0,"parent":0,"menu_order":0,"comment_status":"closed","ping_status":"closed","template":"","meta":{"footnotes":""},"class_list":["post-30397","page","type-page","status-publish","hentry"],"_links":{"self":[{"href":"https:\/\/comelf.201.ro\/en\/wp-json\/wp\/v2\/pages\/30397","targetHints":{"allow":["GET"]}}],"collection":[{"href":"https:\/\/comelf.201.ro\/en\/wp-json\/wp\/v2\/pages"}],"about":[{"href":"https:\/\/comelf.201.ro\/en\/wp-json\/wp\/v2\/types\/page"}],"author":[{"embeddable":true,"href":"https:\/\/comelf.201.ro\/en\/wp-json\/wp\/v2\/users\/1"}],"replies":[{"embeddable":true,"href":"https:\/\/comelf.201.ro\/en\/wp-json\/wp\/v2\/comments?post=30397"}],"version-history":[{"count":7,"href":"https:\/\/comelf.201.ro\/en\/wp-json\/wp\/v2\/pages\/30397\/revisions"}],"predecessor-version":[{"id":30633,"href":"https:\/\/comelf.201.ro\/en\/wp-json\/wp\/v2\/pages\/30397\/revisions\/30633"}],"wp:attachment":[{"href":"https:\/\/comelf.201.ro\/en\/wp-json\/wp\/v2\/media?parent=30397"}],"curies":[{"name":"wp","href":"https:\/\/api.w.org\/{rel}","templated":true}]}}