{"id":30418,"date":"2025-12-19T14:53:21","date_gmt":"2025-12-19T14:53:21","guid":{"rendered":"https:\/\/comelf.201.ro\/?page_id=30418"},"modified":"2025-12-30T10:29:35","modified_gmt":"2025-12-30T10:29:35","slug":"anunt-presa-inceput-proiect-masuri-de-eficienta-energetica","status":"publish","type":"page","link":"https:\/\/comelf.201.ro\/en\/anunt-presa-inceput-proiect-masuri-de-eficienta-energetica\/","title":{"rendered":"Anunt presa inceput proiect masuri de eficienta energetica"},"content":{"rendered":"<div data-elementor-type=\"wp-page\" data-elementor-id=\"30418\" class=\"elementor elementor-30418\">\n\t\t\t\t<div class=\"wd-negative-gap elementor-element elementor-element-7db87f4 wd-section-stretch e-flex e-con-boxed e-con e-parent\" data-id=\"7db87f4\" data-element_type=\"container\" data-settings=\"{&quot;background_background&quot;:&quot;classic&quot;,&quot;shape_divider_bottom&quot;:&quot;opacity-tilt&quot;}\">\n\t\t\t\t\t<div class=\"e-con-inner\">\n\t\t\t\t<div class=\"elementor-shape elementor-shape-bottom\" aria-hidden=\"true\" data-negative=\"false\">\n\t\t\t<svg xmlns=\"http:\/\/www.w3.org\/2000\/svg\" viewbox=\"0 0 2600 131.1\" preserveaspectratio=\"none\">\n\t<path class=\"elementor-shape-fill\" d=\"M0 0L2600 0 2600 69.1 0 0z\"\/>\n\t<path class=\"elementor-shape-fill\" style=\"opacity:0.5\" d=\"M0 0L2600 0 2600 69.1 0 69.1z\"\/>\n\t<path class=\"elementor-shape-fill\" style=\"opacity:0.25\" d=\"M2600 0L0 0 0 130.1 2600 69.1z\"\/>\n<\/svg>\t\t<\/div>\n\t\t\t\t<div class=\"elementor-element elementor-element-02f160e wd-width-100 elementor-widget elementor-widget-wd_title\" data-id=\"02f160e\" data-element_type=\"widget\" data-widget_type=\"wd_title.default\">\n\t\t\t\t<div class=\"elementor-widget-container\">\n\t\t\t\t\t\t\t<div class=\"title-wrapper wd-set-mb reset-last-child wd-title-color-default wd-title-style-default wd-title-size-default text-left\">\n\n\t\t\t\n\t\t\t<div class=\"liner-continer\">\n\t\t\t\t<h1 class=\"woodmart-title-container title wd-fontsize-l\">Energy Efficiency Measures through the Replacement of the Lighting System at COMELF SA<\/h1> \n\t\t\t\t\t\t\t<\/div>\n\n\t\t\t\t\t<\/div>\n\t\t\t\t\t\t<\/div>\n\t\t\t\t<\/div>\n\t\t\t\t\t<\/div>\n\t\t\t\t<\/div>\n\t\t<div class=\"wd-negative-gap elementor-element elementor-element-3e8b5d7 e-flex e-con-boxed e-con e-parent\" data-id=\"3e8b5d7\" data-element_type=\"container\">\n\t\t\t\t\t<div class=\"e-con-inner\">\n\t\t\t\t<div class=\"elementor-element elementor-element-c0862d6 elementor-widget elementor-widget-image\" data-id=\"c0862d6\" data-element_type=\"widget\" data-widget_type=\"image.default\">\n\t\t\t\t\t\t\t\t\t\t\t\t\t\t\t<img loading=\"lazy\" decoding=\"async\" width=\"617\" height=\"136\" src=\"https:\/\/comelf.201.ro\/wp-content\/uploads\/2025\/12\/Imagine1.png\" class=\"attachment-full size-full wp-image-30413\" alt=\"\" srcset=\"https:\/\/comelf.201.ro\/wp-content\/uploads\/2025\/12\/Imagine1.png 617w, https:\/\/comelf.201.ro\/wp-content\/uploads\/2025\/12\/Imagine1-400x88.png 400w, https:\/\/comelf.201.ro\/wp-content\/uploads\/2025\/12\/Imagine1-18x4.png 18w\" sizes=\"auto, (max-width: 617px) 100vw, 617px\" \/>\t\t\t\t\t\t\t\t\t\t\t\t\t\t\t<\/div>\n\t\t\t\t\t<\/div>\n\t\t\t\t<\/div>\n\t\t<div class=\"wd-negative-gap elementor-element elementor-element-ec01129 wd-section-stretch e-flex e-con-boxed e-con e-parent\" data-id=\"ec01129\" data-element_type=\"container\" data-settings=\"{&quot;shape_divider_bottom&quot;:&quot;opacity-tilt&quot;}\">\n\t\t\t\t\t<div class=\"e-con-inner\">\n\t\t\t\t<div class=\"elementor-shape elementor-shape-bottom\" aria-hidden=\"true\" data-negative=\"false\">\n\t\t\t<svg xmlns=\"http:\/\/www.w3.org\/2000\/svg\" viewbox=\"0 0 2600 131.1\" preserveaspectratio=\"none\">\n\t<path class=\"elementor-shape-fill\" d=\"M0 0L2600 0 2600 69.1 0 0z\"\/>\n\t<path class=\"elementor-shape-fill\" style=\"opacity:0.5\" d=\"M0 0L2600 0 2600 69.1 0 69.1z\"\/>\n\t<path class=\"elementor-shape-fill\" style=\"opacity:0.25\" d=\"M2600 0L0 0 0 130.1 2600 69.1z\"\/>\n<\/svg>\t\t<\/div>\n\t\t<div class=\"elementor-element elementor-element-3319c7b e-con-full e-flex e-con e-child\" data-id=\"3319c7b\" data-element_type=\"container\">\n\t\t<div class=\"elementor-element elementor-element-aea9eba e-con-full e-flex e-con e-child\" data-id=\"aea9eba\" data-element_type=\"container\" data-settings=\"{&quot;background_background&quot;:&quot;classic&quot;}\" data-no-translation=\"\">\n\t\t\t\t<div class=\"elementor-element elementor-element-98b2095 elementor-widget elementor-widget-heading\" data-id=\"98b2095\" data-element_type=\"widget\" data-widget_type=\"heading.default\">\n\t\t\t\t\t<h3 class=\"elementor-heading-title elementor-size-default\">Press Release<\/h3>\t\t\t\t<\/div>\n\t\t\t\t<div class=\"elementor-element elementor-element-7eecb09 elementor-widget elementor-widget-wd_text_block\" data-id=\"7eecb09\" data-element_type=\"widget\" data-widget_type=\"wd_text_block.default\">\n\t\t\t\t<div class=\"elementor-widget-container\">\n\t\t\t\t\t\t\t<div class=\"wd-text-block reset-last-child text-left\">\n\t\t\t\n\t\t\t<p>Date: 30.06.2023<\/p><p>The project \u201cEnergy Efficiency Measures through the Replacement of the Lighting System at COMELF SA\u201d \u2013 SMIS 2014+ Code: 160703, financed through the Large Infrastructure Operational Program 2014-2020 (Funding Contract no. 2005\/08.03.2023), is implemented by COMELF SA and has a total value of 1,110,499.22 RON, of which 845,016.39 RON represents non-reimbursable financing (718,263.93 RON from the ERDF + 126,752.46 RON from the national budget). The project, through the Large Infrastructure Operational Program 2014-2020, is implemented at the national level by the Ministry of Investments and European Projects, as the Managing Authority.<\/p><p><strong>General objective of the project:<\/strong><\/p><p>The general objective of the project is to increase the energy efficiency of COMELF SA by implementing energy efficiency measures and reducing specific energy consumption in buildings, such as the replacement of lighting fixtures.<\/p><p>The project objectives are closely linked to the specific objective of the \u201cLarge Infrastructure Operational Program\u201d (POIM 2014-2020), Priority Axis 11 \u2013 Measures to improve energy efficiency and promote the use of renewable energy at the enterprise level, Investment Priority 11.1 \u2013 Energy efficiency and use of renewable energy for own consumption at the enterprise level, specifically ensuring energy efficiency at the building level and reducing energy consumption.<\/p><p><strong>Specific objectives of the project:<\/strong><\/p><ol><li>Increase the energy efficiency of COMELF SA by implementing energy efficiency measures and reducing specific energy consumption in buildings, specifically: replacing mercury vapor or metal halide lighting fixtures with LED lighting fixtures.<\/li><li>Reduce electricity consumption after project implementation by 65.35% compared to the reference year within the energy contour defined in the energy analysis.<\/li><li>Reduce greenhouse gas emissions resulting from the investment project by 65.35% compared to the reference year, within the energy contour defined in the energy analysis.<\/li><\/ol><p><strong>Expected results:<\/strong><\/p><ol><li>Implementation of energy efficiency measures in buildings, through the replacement of mercury vapor or metal halide lighting fixtures with LED lighting fixtures.<\/li><li>Reduced electricity consumption during the project implementation period by 65.35% compared to the initial situation (2021) within the energy contour defined in the energy analysis.<\/li><li>Reduced greenhouse gas emissions by 65.35% compared to 2021 as a result of the investment project implementation, within the energy contour defined in the energy analysis.<\/li><\/ol><p><strong>Project location:<\/strong> Municipality of Bistri\u021ba, Str. Industriei, No. 4, Bistri\u021ba-N\u0103s\u0103ud County, Romania.<br \/><strong>Project duration:<\/strong> 10 months, from 08.03.2023 to 31.12.2023.<\/p><p>The project is co-financed by the European Regional Development Fund through the Large Infrastructure Operational Program 2014-2020.<\/p><p><strong>Contact information:<\/strong><br \/>Contact person: Ionela Bucur<br \/>Position: Project Manager<br \/>Tel: +40 756 090 852<br \/>Fax: +40 263 238 092<br \/>E-mail: bucur.ionela@comelf.ro<\/p>\n\t\t\t\t\t<\/div>\n\t\t\t\t\t\t<\/div>\n\t\t\t\t<\/div>\n\t\t\t\t<\/div>\n\t\t\t\t<\/div>\n\t\t\t\t\t<\/div>\n\t\t\t\t<\/div>\n\t\t\t\t<\/div>","protected":false},"excerpt":{"rendered":"<p>M\u0103suri de eficien\u021b\u0103 energetic\u0103 prin schimbarea sistemului de iluminat la COMELF SA Comunicat de pres\u0103 Data: 30.06.2023 Proiectul\u00a0\u201c\u00a0M\u0103suri de eficien\u021b\u0103<\/p>","protected":false},"author":1,"featured_media":0,"parent":0,"menu_order":0,"comment_status":"closed","ping_status":"closed","template":"","meta":{"footnotes":""},"class_list":["post-30418","page","type-page","status-publish","hentry"],"_links":{"self":[{"href":"https:\/\/comelf.201.ro\/en\/wp-json\/wp\/v2\/pages\/30418","targetHints":{"allow":["GET"]}}],"collection":[{"href":"https:\/\/comelf.201.ro\/en\/wp-json\/wp\/v2\/pages"}],"about":[{"href":"https:\/\/comelf.201.ro\/en\/wp-json\/wp\/v2\/types\/page"}],"author":[{"embeddable":true,"href":"https:\/\/comelf.201.ro\/en\/wp-json\/wp\/v2\/users\/1"}],"replies":[{"embeddable":true,"href":"https:\/\/comelf.201.ro\/en\/wp-json\/wp\/v2\/comments?post=30418"}],"version-history":[{"count":13,"href":"https:\/\/comelf.201.ro\/en\/wp-json\/wp\/v2\/pages\/30418\/revisions"}],"predecessor-version":[{"id":30639,"href":"https:\/\/comelf.201.ro\/en\/wp-json\/wp\/v2\/pages\/30418\/revisions\/30639"}],"wp:attachment":[{"href":"https:\/\/comelf.201.ro\/en\/wp-json\/wp\/v2\/media?parent=30418"}],"curies":[{"name":"wp","href":"https:\/\/api.w.org\/{rel}","templated":true}]}}