{"id":30426,"date":"2025-12-19T14:55:29","date_gmt":"2025-12-19T14:55:29","guid":{"rendered":"https:\/\/comelf.201.ro\/?page_id=30426"},"modified":"2025-12-30T10:33:27","modified_gmt":"2025-12-30T10:33:27","slug":"anunt-finalizare-proiect-cofinantat-prin-poim-2014-2021-axa-11-1","status":"publish","type":"page","link":"https:\/\/comelf.201.ro\/en\/anunt-finalizare-proiect-cofinantat-prin-poim-2014-2021-axa-11-1\/","title":{"rendered":"Announcement of Project Completion \u2013 Co-financed through POIM 2014\u20132021, Axis 11.1"},"content":{"rendered":"<div data-elementor-type=\"wp-page\" data-elementor-id=\"30426\" class=\"elementor elementor-30426\">\n\t\t\t\t<div class=\"wd-negative-gap elementor-element elementor-element-7db87f4 wd-section-stretch e-flex e-con-boxed e-con e-parent\" data-id=\"7db87f4\" data-element_type=\"container\" data-settings=\"{&quot;background_background&quot;:&quot;classic&quot;,&quot;shape_divider_bottom&quot;:&quot;opacity-tilt&quot;}\">\n\t\t\t\t\t<div class=\"e-con-inner\">\n\t\t\t\t<div class=\"elementor-shape elementor-shape-bottom\" aria-hidden=\"true\" data-negative=\"false\">\n\t\t\t<svg xmlns=\"http:\/\/www.w3.org\/2000\/svg\" viewbox=\"0 0 2600 131.1\" preserveaspectratio=\"none\">\n\t<path class=\"elementor-shape-fill\" d=\"M0 0L2600 0 2600 69.1 0 0z\"\/>\n\t<path class=\"elementor-shape-fill\" style=\"opacity:0.5\" d=\"M0 0L2600 0 2600 69.1 0 69.1z\"\/>\n\t<path class=\"elementor-shape-fill\" style=\"opacity:0.25\" d=\"M2600 0L0 0 0 130.1 2600 69.1z\"\/>\n<\/svg>\t\t<\/div>\n\t\t\t\t<div class=\"elementor-element elementor-element-02f160e wd-width-100 elementor-widget elementor-widget-wd_title\" data-id=\"02f160e\" data-element_type=\"widget\" data-widget_type=\"wd_title.default\">\n\t\t\t\t<div class=\"elementor-widget-container\">\n\t\t\t\t\t\t\t<div class=\"title-wrapper wd-set-mb reset-last-child wd-title-color-default wd-title-style-default wd-title-size-default text-left\">\n\n\t\t\t\n\t\t\t<div class=\"liner-continer\">\n\t\t\t\t<h1 class=\"woodmart-title-container title wd-fontsize-l\">Completion announcement PROJECT CO-FINANCED BY POIM 2014-2021 AXIS 11.1<\/h1> \n\t\t\t\t\t\t\t<\/div>\n\n\t\t\t\t\t<\/div>\n\t\t\t\t\t\t<\/div>\n\t\t\t\t<\/div>\n\t\t\t\t\t<\/div>\n\t\t\t\t<\/div>\n\t\t<div class=\"wd-negative-gap elementor-element elementor-element-3e8b5d7 e-flex e-con-boxed e-con e-parent\" data-id=\"3e8b5d7\" data-element_type=\"container\">\n\t\t\t\t\t<div class=\"e-con-inner\">\n\t\t\t\t<div class=\"elementor-element elementor-element-c0862d6 elementor-widget elementor-widget-image\" data-id=\"c0862d6\" data-element_type=\"widget\" data-widget_type=\"image.default\">\n\t\t\t\t\t\t\t\t\t\t\t\t\t\t\t<img loading=\"lazy\" decoding=\"async\" width=\"617\" height=\"136\" src=\"https:\/\/comelf.201.ro\/wp-content\/uploads\/2025\/12\/Imagine1.png\" class=\"attachment-full size-full wp-image-30413\" alt=\"\" srcset=\"https:\/\/comelf.201.ro\/wp-content\/uploads\/2025\/12\/Imagine1.png 617w, https:\/\/comelf.201.ro\/wp-content\/uploads\/2025\/12\/Imagine1-400x88.png 400w, https:\/\/comelf.201.ro\/wp-content\/uploads\/2025\/12\/Imagine1-18x4.png 18w\" sizes=\"auto, (max-width: 617px) 100vw, 617px\" \/>\t\t\t\t\t\t\t\t\t\t\t\t\t\t\t<\/div>\n\t\t\t\t\t<\/div>\n\t\t\t\t<\/div>\n\t\t<div class=\"wd-negative-gap elementor-element elementor-element-ec01129 wd-section-stretch e-flex e-con-boxed e-con e-parent\" data-id=\"ec01129\" data-element_type=\"container\" data-settings=\"{&quot;shape_divider_bottom&quot;:&quot;opacity-tilt&quot;}\">\n\t\t\t\t\t<div class=\"e-con-inner\">\n\t\t\t\t<div class=\"elementor-shape elementor-shape-bottom\" aria-hidden=\"true\" data-negative=\"false\">\n\t\t\t<svg xmlns=\"http:\/\/www.w3.org\/2000\/svg\" viewbox=\"0 0 2600 131.1\" preserveaspectratio=\"none\">\n\t<path class=\"elementor-shape-fill\" d=\"M0 0L2600 0 2600 69.1 0 0z\"\/>\n\t<path class=\"elementor-shape-fill\" style=\"opacity:0.5\" d=\"M0 0L2600 0 2600 69.1 0 69.1z\"\/>\n\t<path class=\"elementor-shape-fill\" style=\"opacity:0.25\" d=\"M2600 0L0 0 0 130.1 2600 69.1z\"\/>\n<\/svg>\t\t<\/div>\n\t\t<div class=\"elementor-element elementor-element-3319c7b e-con-full e-flex e-con e-child\" data-id=\"3319c7b\" data-element_type=\"container\">\n\t\t<div class=\"elementor-element elementor-element-a4d8bb0 e-con-full e-flex e-con e-child\" data-id=\"a4d8bb0\" data-element_type=\"container\" data-settings=\"{&quot;background_background&quot;:&quot;classic&quot;}\" data-no-translation=\"\">\n\t\t\t\t<div class=\"elementor-element elementor-element-fb89496 elementor-widget elementor-widget-heading\" data-id=\"fb89496\" data-element_type=\"widget\" data-widget_type=\"heading.default\">\n\t\t\t\t\t<h3 class=\"elementor-heading-title elementor-size-default\">Press Release<\/h3>\t\t\t\t<\/div>\n\t\t\t\t<div class=\"elementor-element elementor-element-4564623 elementor-widget elementor-widget-heading\" data-id=\"4564623\" data-element_type=\"widget\" data-widget_type=\"heading.default\">\n\t\t\t\t\t<h3 class=\"elementor-heading-title elementor-size-default\">Energy Efficiency Measures through the Replacement of the Lighting System at COMELF SA<\/h3>\t\t\t\t<\/div>\n\t\t\t\t<div class=\"elementor-element elementor-element-d49a6ed elementor-widget elementor-widget-wd_text_block\" data-id=\"d49a6ed\" data-element_type=\"widget\" data-widget_type=\"wd_text_block.default\">\n\t\t\t\t<div class=\"elementor-widget-container\">\n\t\t\t\t\t\t\t<div class=\"wd-text-block reset-last-child text-left\">\n\t\t\t\n\t\t\t<p>The project \u201cEnergy Efficiency Measures through the Replacement of the Lighting System at COMELF SA,\u201d financed through the Large Infrastructure Operational Program 2014\u20132020, SMIS 2014+ code 160703, was implemented by COMELF SA with a total value of 1,110,499.21 RON, of which 845,016.39 RON represents non-reimbursable financing, consisting of 126,752.46 RON eligible non-reimbursable funds from the national budget and 718,263.93 RON eligible non-reimbursable funds from the Cohesion Fund. The Large Infrastructure Operational Program 2014\u20132020 is implemented nationally by the Ministry of Investments and European Projects as the Managing Authority and at the regional level by the Regional Infrastructure Directorate.<\/p><p><strong>General Objective of the Project:<\/strong><\/p><p>The general objective of the project was to increase the energy efficiency of COMELF SA by implementing energy efficiency measures and reducing specific energy consumption in buildings, such as replacing lighting fixtures, aiming to reduce greenhouse gas emissions, achieve annual primary energy savings, and lower the energy intensity of the company\u2019s operations.<\/p><p><strong>Implemented Project Results:<\/strong><\/p><ol><li>Increased energy efficiency within COMELF SA through the implementation of energy efficiency measures and reduction of specific energy consumption in buildings, specifically: replacement of mercury vapor or metal halide lamps with LED lighting fixtures.<\/li><li>Reduced electricity consumption as a result of project implementation.<\/li><li>Reduced greenhouse gas emissions as a result of the investment project implementation.<\/li><\/ol><p><strong>Project Location:<\/strong> The project was implemented in Bistri\u021ba, Strada INDUSTRIEI, No. 4, Bistri\u021ba-N\u0103s\u0103ud County.<\/p><p><strong>Approved Implementation Period:<\/strong> 08.03.2023 \u2013 31.12.2024<\/p><p>\u201cProject co-financed by the Cohesion Fund through the Large Infrastructure Operational Program 2014\u20132020.\u201d<\/p><p><strong>Contact Information:<\/strong><br \/>Contact Person: Ionela Bucur<br \/>Position: Project Manager<br \/>Tel.: +40 756 090 852<br \/>Fax: +40 263 238 092<br \/>E-mail: bucur.ionela@comelf.ro<\/p>\n\t\t\t\t\t<\/div>\n\t\t\t\t\t\t<\/div>\n\t\t\t\t<\/div>\n\t\t\t\t<\/div>\n\t\t\t\t<\/div>\n\t\t\t\t\t<\/div>\n\t\t\t\t<\/div>\n\t\t\t\t<\/div>","protected":false},"excerpt":{"rendered":"<p>Anun\u021b finalizare PROIECT COFINAN\u021aAT PRIN POIM 2014-2021 AXA 11.1 Comunicat de pres\u0103 M\u0103suri de eficien\u0163\u0103 energetic\u0103 prin schimbarea sistemului de<\/p>","protected":false},"author":1,"featured_media":0,"parent":0,"menu_order":0,"comment_status":"closed","ping_status":"closed","template":"","meta":{"footnotes":""},"class_list":["post-30426","page","type-page","status-publish","hentry"],"_links":{"self":[{"href":"https:\/\/comelf.201.ro\/en\/wp-json\/wp\/v2\/pages\/30426","targetHints":{"allow":["GET"]}}],"collection":[{"href":"https:\/\/comelf.201.ro\/en\/wp-json\/wp\/v2\/pages"}],"about":[{"href":"https:\/\/comelf.201.ro\/en\/wp-json\/wp\/v2\/types\/page"}],"author":[{"embeddable":true,"href":"https:\/\/comelf.201.ro\/en\/wp-json\/wp\/v2\/users\/1"}],"replies":[{"embeddable":true,"href":"https:\/\/comelf.201.ro\/en\/wp-json\/wp\/v2\/comments?post=30426"}],"version-history":[{"count":10,"href":"https:\/\/comelf.201.ro\/en\/wp-json\/wp\/v2\/pages\/30426\/revisions"}],"predecessor-version":[{"id":30643,"href":"https:\/\/comelf.201.ro\/en\/wp-json\/wp\/v2\/pages\/30426\/revisions\/30643"}],"wp:attachment":[{"href":"https:\/\/comelf.201.ro\/en\/wp-json\/wp\/v2\/media?parent=30426"}],"curies":[{"name":"wp","href":"https:\/\/api.w.org\/{rel}","templated":true}]}}